{"id":106,"date":"2023-01-17T16:42:48","date_gmt":"2023-01-17T16:42:48","guid":{"rendered":"https:\/\/lafontdesfraux.fr\/?page_id=106"},"modified":"2023-03-30T19:56:37","modified_gmt":"2023-03-30T19:56:37","slug":"2-presentation-gite","status":"publish","type":"page","link":"https:\/\/lafontdesfraux.fr\/index.php\/page-de-garde\/2-presentation-gite\/","title":{"rendered":"2-Pr\u00e9sentation gite"},"content":{"rendered":"\n<div class=\"wp-block-group\"><div class=\"wp-block-group__inner-container is-layout-constrained wp-block-group-is-layout-constrained\">\n<div class=\"wp-block-columns alignwide is-layout-flex wp-container-core-columns-is-layout-9d6595d7 wp-block-columns-is-layout-flex\">\n<div class=\"wp-block-column is-layout-flow wp-block-column-is-layout-flow\" style=\"flex-basis:100%\">\n<div class=\"wp-block-columns is-layout-flex wp-container-core-columns-is-layout-9d6595d7 wp-block-columns-is-layout-flex\">\n<div class=\"wp-block-column is-layout-flow wp-block-column-is-layout-flow\">\n<p>Vous profiterez de cette maison d\u00e9cor\u00e9e avec soin et de ses ext\u00e9rieurs : agr\u00e9able jardin privatif partiellement clos et grande terrasse couverte avec salon de jardin, chaises longues et plancha gaz. Vous pourrez vous d\u00e9tendre apr\u00e8s une journ\u00e9e de marche dans le spa ext\u00e9rieur \u00e0 disposition. Vous b\u00e9n\u00e9ficiez \u00e9galement d&#8217;une salle de jeux avec table de ping-pong am\u00e9nag\u00e9e dans l&#8217;ancienne grange attenante (acc\u00e8s ind\u00e9pendant sur l&#8217;arri\u00e8re du b\u00e2timent).<br>Au rez-de-chauss\u00e9e, s\u00e9jour avec TV \u00e9cran plat, biblioth\u00e8que et acc\u00e8s internet wifi, coin-cuisine tout \u00e9quip\u00e9, salle d&#8217;eau avec wc, buanderie avec lave-linge et s\u00e8che-linge.<br>Au 1er \u00e9tage, 1 chambre avec 1 lit 160&#215;200, 1 chambre avec 2 lits 90&#215;200, 1 chambre avec 1 lit 160&#215;200 avec sa salle d&#8217;eau privative, salle d&#8217;eau et wc ind\u00e9pendants.<br>Lits faits \u00e0 l&#8217;arriv\u00e9e et linge de maison fourni. Des peignoirs sont \u00e9galement fournis pour le spa. Chauffage central \u00e0 granul\u00e9s de bois inclus dans le prix (plancher chauffant au rez-de-chauss\u00e9e et radiateurs \u00e0 l&#8217;\u00e9tage). Tarifs toutes charges comprises.<br>Tous commerces et services \u00e0 Neuv\u00e9glise sur Truy\u00e8re 2 km. Saint-Flour 20 km. Chaudes-Aigues 11 km.<\/p>\n<\/div>\n<\/div>\n<\/div>\n<\/div>\n<\/div><\/div>\n\n\n\n<div class=\"wp-block-columns alignwide is-layout-flex wp-container-core-columns-is-layout-9d6595d7 wp-block-columns-is-layout-flex\">\n<div class=\"wp-block-column is-layout-flow wp-block-column-is-layout-flow\" style=\"flex-basis:100%\">\n<div class=\"wp-block-group\"><div class=\"wp-block-group__inner-container is-layout-constrained wp-block-group-is-layout-constrained\">\n<div class=\"wp-block-columns is-layout-flex wp-container-core-columns-is-layout-9d6595d7 wp-block-columns-is-layout-flex\">\n<div class=\"wp-block-column is-layout-flow wp-block-column-is-layout-flow\">\n<h5>Equipements int\u00e9rieurs<\/h5>\n<ul>\n<li>Biblioth\u00e8que<\/li>\n<li>Chauffage<\/li>\n<li>Cong\u00e9lateur<\/li>\n<li>Four \u00e9lectrique<\/li>\n<li>Jeux de soci\u00e9t\u00e9<\/li>\n<li>L-linge<\/li>\n<li>L-vaisselle<\/li>\n<li>Lit b\u00e9b\u00e9<\/li>\n<li>Micro-ondes<\/li>\n<li>R\u00e9frig\u00e9rateur<\/li>\n<li>S\u00e8che linge<\/li>\n<li>T\u00e9l\u00e9vision<\/li>\n<\/ul>\n<\/div>\n\n\n\n<div class=\"wp-block-column is-layout-flow wp-block-column-is-layout-flow\">\n<h5><strong>Equipements ext\u00e9rieurs<\/strong><\/h5>\n<ul>\n<li>Barbecue<\/li>\n<li>Jardin<\/li>\n<li>Parasol<\/li>\n<li>Plancha gaz<\/li>\n<li>Salle de jeux<\/li>\n<li>Salon de jardin<\/li>\n<li>Spa<\/li>\n<li>Terrasse couverte<\/li>\n<li>Trampoline<\/li>\n<\/ul>\n<\/div>\n\n\n\n<div class=\"wp-block-column is-layout-flow wp-block-column-is-layout-flow\">\n<h5><strong>Services<\/strong><\/h5>\n<ul>\n<li>Draps fournis<\/li>\n<li>Internet<\/li>\n<li>Linge de maison fourni<\/li>\n<li>Peignoirs pour le spa<\/li>\n<li>Forfait m\u00e9nage en option <em style=\"color: var(--nv-text-color); font-family: var(--bodyfontfamily); font-size: var(--bodyfontsize); font-weight: var(--bodyfontweight); letter-spacing: var(--bodyletterspacing); text-transform: var(--bodytexttransform); background-color: var(--nv-site-bg);\">90.00 \u20ac&nbsp;(tarif pour tout le s\u00e9jour<\/em><em style=\"color: var(--nv-text-color); font-family: var(--bodyfontfamily); font-size: var(--bodyfontsize); font-weight: var(--bodyfontweight); letter-spacing: var(--bodyletterspacing); text-transform: var(--bodytexttransform); background-color: var(--nv-site-bg);\">)<\/em><\/li>\n<\/ul>\n<\/div>\n<\/div>\n<\/div><\/div>\n<\/div>\n<\/div>\n","protected":false},"excerpt":{"rendered":"<p>Vous profiterez de cette maison d\u00e9cor\u00e9e avec soin et de ses ext\u00e9rieurs : agr\u00e9able jardin privatif partiellement clos et grande terrasse couverte avec salon de jardin, chaises longues et plancha gaz. Vous pourrez vous d\u00e9tendre apr\u00e8s une journ\u00e9e de marche dans le spa ext\u00e9rieur \u00e0 disposition. Vous b\u00e9n\u00e9ficiez \u00e9galement d&#8217;une salle de jeux avec table&hellip;&nbsp;<a href=\"https:\/\/lafontdesfraux.fr\/index.php\/page-de-garde\/2-presentation-gite\/\" rel=\"bookmark\">Read More &raquo;<span class=\"screen-reader-text\">2-Pr\u00e9sentation gite<\/span><\/a><\/p>\n","protected":false},"author":1,"featured_media":0,"parent":16,"menu_order":0,"comment_status":"closed","ping_status":"closed","template":"page-templates\/template-pagebuilder-full-width.php","meta":{"neve_meta_sidebar":"","neve_meta_container":"","neve_meta_enable_content_width":"","neve_meta_content_width":0,"neve_meta_title_alignment":"","neve_meta_author_avatar":"","neve_post_elements_order":"","neve_meta_disable_header":"","neve_meta_disable_footer":"","neve_meta_disable_title":"","footnotes":""},"class_list":["post-106","page","type-page","status-publish","hentry"],"_links":{"self":[{"href":"https:\/\/lafontdesfraux.fr\/index.php\/wp-json\/wp\/v2\/pages\/106","targetHints":{"allow":["GET"]}}],"collection":[{"href":"https:\/\/lafontdesfraux.fr\/index.php\/wp-json\/wp\/v2\/pages"}],"about":[{"href":"https:\/\/lafontdesfraux.fr\/index.php\/wp-json\/wp\/v2\/types\/page"}],"author":[{"embeddable":true,"href":"https:\/\/lafontdesfraux.fr\/index.php\/wp-json\/wp\/v2\/users\/1"}],"replies":[{"embeddable":true,"href":"https:\/\/lafontdesfraux.fr\/index.php\/wp-json\/wp\/v2\/comments?post=106"}],"version-history":[{"count":8,"href":"https:\/\/lafontdesfraux.fr\/index.php\/wp-json\/wp\/v2\/pages\/106\/revisions"}],"predecessor-version":[{"id":361,"href":"https:\/\/lafontdesfraux.fr\/index.php\/wp-json\/wp\/v2\/pages\/106\/revisions\/361"}],"up":[{"embeddable":true,"href":"https:\/\/lafontdesfraux.fr\/index.php\/wp-json\/wp\/v2\/pages\/16"}],"wp:attachment":[{"href":"https:\/\/lafontdesfraux.fr\/index.php\/wp-json\/wp\/v2\/media?parent=106"}],"curies":[{"name":"wp","href":"https:\/\/api.w.org\/{rel}","templated":true}]}}